{"id":336,"date":"2022-01-25T18:55:44","date_gmt":"2022-01-25T17:55:44","guid":{"rendered":"http:\/\/assisteogestion.com\/?page_id=336"},"modified":"2022-01-25T19:09:40","modified_gmt":"2022-01-25T18:09:40","slug":"mentions-legales","status":"publish","type":"page","link":"https:\/\/assisteogestion.com\/?page_id=336","title":{"rendered":"Mentions L\u00e9gales"},"content":{"rendered":"\n<h2 class=\"wp-block-heading\">1 &#8211; \u00c9dition du site<\/h2>\n\n\n\n<p>En vertu de&nbsp;<a href=\"https:\/\/www.legifrance.gouv.fr\/affichTexte.do?cidTexte=JORFTEXT000000801164#LEGIARTI000042038977\" target=\"_blank\" rel=\"noreferrer noopener\">l&rsquo;article 6 de la loi n\u00b0 2004-575 du 21 juin 2004<\/a>&nbsp;pour la confiance dans l&rsquo;\u00e9conomie num\u00e9rique, il est pr\u00e9cis\u00e9 aux utilisateurs du site internet&nbsp;<strong>http:\/\/assisteogestion.com<\/strong>&nbsp;l&rsquo;identit\u00e9 des diff\u00e9rents intervenants dans le cadre de sa r\u00e9alisation et de son suivi:<\/p>\n\n\n\n<p><strong>Propri\u00e9taire du site :&nbsp;<\/strong>CESSON Cindy &#8211; ASSISTEO GESTION<\/p>\n\n\n\n<p>Contact :&nbsp;assisteogestion@gmail.com \/ 06-46-79-41-39&nbsp;<\/p>\n\n\n\n<p>Adresse :&nbsp;38 Rue afforty 93420 Villepinte.<\/p>\n\n\n\n<p><strong>Identification de l&rsquo;entreprise :<\/strong>&nbsp;<\/p>\n\n\n\n<p>SASU&nbsp;CESSON Cindy &#8211; ASSISTEO GESTION&nbsp;au capital social de&nbsp;500\u20ac <\/p>\n\n\n\n<p>SIREN :&nbsp;903 094 357&nbsp; RCS :&nbsp;Bobigny&nbsp;<\/p>\n\n\n\n<p>Adresse postale :&nbsp;38 Rue afforty 93420 Villepinte&nbsp;<\/p>\n\n\n\n<p><a href=\"http:\/\/assisteogestion.com\/?page_id=284\" target=\"_blank\" rel=\"noreferrer noopener\">http:\/\/assisteogestion.com\/?page_id=284<\/a>&nbsp;<\/p>\n\n\n\n<p><strong>H\u00e9bergeur :<\/strong>&nbsp;OVH SAS &#8211; 2 rue Kellermann &#8211; BP 80157 &#8211; 59053 Roubaix Cedex 1 &#8211; T\u00e9l\u00e9phone : 1007<\/p>\n\n\n\n<p><\/p>\n\n\n\n<hr class=\"wp-block-separator\"\/>\n\n\n\n<h2 class=\"wp-block-heading\">2 &#8211; Propri\u00e9t\u00e9 intellectuelle et contrefa\u00e7ons.<\/h2>\n\n\n\n<p><strong>CESSON Cindy &#8211; ASSISTEO GESTION<\/strong>&nbsp;est propri\u00e9taire des droits de propri\u00e9t\u00e9 intellectuelle et d\u00e9tient les droits d\u2019usage sur tous les \u00e9l\u00e9ments accessibles sur le site internet, notamment les textes, images, graphismes, logos, vid\u00e9os, architecture, ic\u00f4nes et sons.<\/p>\n\n\n\n<p>Toute reproduction, repr\u00e9sentation, modification, publication, adaptation de tout ou partie des \u00e9l\u00e9ments du site, quel que soit le moyen ou le proc\u00e9d\u00e9 utilis\u00e9, est interdite, sauf autorisation \u00e9crite pr\u00e9alable de&nbsp;<strong>CESSON Cindy &#8211; ASSISTEO GESTION<\/strong>.<\/p>\n\n\n\n<p>Toute exploitation non autoris\u00e9e du site ou de l\u2019un quelconque des \u00e9l\u00e9ments qu\u2019il contient sera consid\u00e9r\u00e9e comme constitutive d\u2019une contrefa\u00e7on et poursuivie conform\u00e9ment aux dispositions des articles&nbsp;<a href=\"https:\/\/www.legifrance.gouv.fr\/affichCodeArticle.do?idArticle=LEGIARTI000032655082&amp;cidTexte=LEGITEXT000006069414&amp;dateTexte=20160605\" target=\"_blank\" rel=\"noreferrer noopener\">L.335-2 et suivants du Code de Propri\u00e9t\u00e9 Intellectuelle<\/a>.<\/p>\n\n\n\n<hr class=\"wp-block-separator\"\/>\n","protected":false},"excerpt":{"rendered":"<p>1 &#8211; \u00c9dition du site En vertu de&nbsp;l&rsquo;article 6 de la loi n\u00b0 2004-575 du 21 juin 2004&nbsp;pour la confiance dans l&rsquo;\u00e9conomie num\u00e9rique, il est pr\u00e9cis\u00e9 aux utilisateurs du site internet&nbsp;http:\/\/assisteogestion.com&nbsp;l&rsquo;identit\u00e9 des diff\u00e9rents intervenants dans le cadre de sa r\u00e9alisation et de son suivi: Propri\u00e9taire du site :&nbsp;CESSON Cindy &#8211; ASSISTEO GESTION Contact :&nbsp;assisteogestion@gmail.com \/ [&hellip;]<\/p>\n","protected":false},"author":1,"featured_media":0,"parent":0,"menu_order":0,"comment_status":"closed","ping_status":"closed","template":"","meta":{"footnotes":""},"class_list":["post-336","page","type-page","status-publish","hentry","entry"],"yoast_head":"<!-- This site is optimized with the Yoast SEO plugin v20.1 - https:\/\/yoast.com\/wordpress\/plugins\/seo\/ -->\n<title>Mentions L\u00e9gales - ASSISTEO GESTION<\/title>\n<meta name=\"robots\" content=\"index, follow, max-snippet:-1, max-image-preview:large, max-video-preview:-1\" \/>\n<link rel=\"canonical\" href=\"http:\/\/assisteogestion.com\/?page_id=336\" \/>\n<meta property=\"og:locale\" content=\"fr_FR\" \/>\n<meta property=\"og:type\" content=\"article\" \/>\n<meta property=\"og:title\" content=\"Mentions L\u00e9gales - ASSISTEO GESTION\" \/>\n<meta property=\"og:description\" content=\"1 &#8211; \u00c9dition du site En vertu de&nbsp;l&rsquo;article 6 de la loi n\u00b0 2004-575 du 21 juin 2004&nbsp;pour la confiance dans l&rsquo;\u00e9conomie num\u00e9rique, il est pr\u00e9cis\u00e9 aux utilisateurs du site internet&nbsp;http:\/\/assisteogestion.com&nbsp;l&rsquo;identit\u00e9 des diff\u00e9rents intervenants dans le cadre de sa r\u00e9alisation et de son suivi: Propri\u00e9taire du site :&nbsp;CESSON Cindy &#8211; ASSISTEO GESTION Contact :&nbsp;assisteogestion@gmail.com \/ [&hellip;]\" \/>\n<meta property=\"og:url\" content=\"http:\/\/assisteogestion.com\/?page_id=336\" \/>\n<meta property=\"og:site_name\" content=\"ASSISTEO GESTION\" \/>\n<meta property=\"article:modified_time\" content=\"2022-01-25T18:09:40+00:00\" \/>\n<meta name=\"twitter:card\" content=\"summary_large_image\" \/>\n<meta name=\"twitter:label1\" content=\"Dur\u00e9e de lecture estim\u00e9e\" \/>\n\t<meta name=\"twitter:data1\" content=\"2 minutes\" \/>\n<script type=\"application\/ld+json\" class=\"yoast-schema-graph\">{\"@context\":\"https:\/\/schema.org\",\"@graph\":[{\"@type\":\"WebPage\",\"@id\":\"http:\/\/assisteogestion.com\/?page_id=336\",\"url\":\"http:\/\/assisteogestion.com\/?page_id=336\",\"name\":\"Mentions L\u00e9gales - ASSISTEO GESTION\",\"isPartOf\":{\"@id\":\"https:\/\/assisteogestion.com\/#website\"},\"datePublished\":\"2022-01-25T17:55:44+00:00\",\"dateModified\":\"2022-01-25T18:09:40+00:00\",\"breadcrumb\":{\"@id\":\"http:\/\/assisteogestion.com\/?page_id=336#breadcrumb\"},\"inLanguage\":\"fr-FR\",\"potentialAction\":[{\"@type\":\"ReadAction\",\"target\":[\"http:\/\/assisteogestion.com\/?page_id=336\"]}]},{\"@type\":\"BreadcrumbList\",\"@id\":\"http:\/\/assisteogestion.com\/?page_id=336#breadcrumb\",\"itemListElement\":[{\"@type\":\"ListItem\",\"position\":1,\"name\":\"Accueil\",\"item\":\"https:\/\/assisteogestion.com\/\"},{\"@type\":\"ListItem\",\"position\":2,\"name\":\"Mentions L\u00e9gales\"}]},{\"@type\":\"WebSite\",\"@id\":\"https:\/\/assisteogestion.com\/#website\",\"url\":\"https:\/\/assisteogestion.com\/\",\"name\":\"ASSISTEO GESTION\",\"description\":\"\",\"potentialAction\":[{\"@type\":\"SearchAction\",\"target\":{\"@type\":\"EntryPoint\",\"urlTemplate\":\"https:\/\/assisteogestion.com\/?s={search_term_string}\"},\"query-input\":\"required name=search_term_string\"}],\"inLanguage\":\"fr-FR\"}]}<\/script>\n<!-- \/ Yoast SEO plugin. -->","yoast_head_json":{"title":"Mentions L\u00e9gales - ASSISTEO GESTION","robots":{"index":"index","follow":"follow","max-snippet":"max-snippet:-1","max-image-preview":"max-image-preview:large","max-video-preview":"max-video-preview:-1"},"canonical":"http:\/\/assisteogestion.com\/?page_id=336","og_locale":"fr_FR","og_type":"article","og_title":"Mentions L\u00e9gales - ASSISTEO GESTION","og_description":"1 &#8211; \u00c9dition du site En vertu de&nbsp;l&rsquo;article 6 de la loi n\u00b0 2004-575 du 21 juin 2004&nbsp;pour la confiance dans l&rsquo;\u00e9conomie num\u00e9rique, il est pr\u00e9cis\u00e9 aux utilisateurs du site internet&nbsp;http:\/\/assisteogestion.com&nbsp;l&rsquo;identit\u00e9 des diff\u00e9rents intervenants dans le cadre de sa r\u00e9alisation et de son suivi: Propri\u00e9taire du site :&nbsp;CESSON Cindy &#8211; ASSISTEO GESTION Contact :&nbsp;assisteogestion@gmail.com \/ [&hellip;]","og_url":"http:\/\/assisteogestion.com\/?page_id=336","og_site_name":"ASSISTEO GESTION","article_modified_time":"2022-01-25T18:09:40+00:00","twitter_card":"summary_large_image","twitter_misc":{"Dur\u00e9e de lecture estim\u00e9e":"2 minutes"},"schema":{"@context":"https:\/\/schema.org","@graph":[{"@type":"WebPage","@id":"http:\/\/assisteogestion.com\/?page_id=336","url":"http:\/\/assisteogestion.com\/?page_id=336","name":"Mentions L\u00e9gales - ASSISTEO GESTION","isPartOf":{"@id":"https:\/\/assisteogestion.com\/#website"},"datePublished":"2022-01-25T17:55:44+00:00","dateModified":"2022-01-25T18:09:40+00:00","breadcrumb":{"@id":"http:\/\/assisteogestion.com\/?page_id=336#breadcrumb"},"inLanguage":"fr-FR","potentialAction":[{"@type":"ReadAction","target":["http:\/\/assisteogestion.com\/?page_id=336"]}]},{"@type":"BreadcrumbList","@id":"http:\/\/assisteogestion.com\/?page_id=336#breadcrumb","itemListElement":[{"@type":"ListItem","position":1,"name":"Accueil","item":"https:\/\/assisteogestion.com\/"},{"@type":"ListItem","position":2,"name":"Mentions L\u00e9gales"}]},{"@type":"WebSite","@id":"https:\/\/assisteogestion.com\/#website","url":"https:\/\/assisteogestion.com\/","name":"ASSISTEO GESTION","description":"","potentialAction":[{"@type":"SearchAction","target":{"@type":"EntryPoint","urlTemplate":"https:\/\/assisteogestion.com\/?s={search_term_string}"},"query-input":"required name=search_term_string"}],"inLanguage":"fr-FR"}]}},"_links":{"self":[{"href":"https:\/\/assisteogestion.com\/index.php?rest_route=\/wp\/v2\/pages\/336","targetHints":{"allow":["GET"]}}],"collection":[{"href":"https:\/\/assisteogestion.com\/index.php?rest_route=\/wp\/v2\/pages"}],"about":[{"href":"https:\/\/assisteogestion.com\/index.php?rest_route=\/wp\/v2\/types\/page"}],"author":[{"embeddable":true,"href":"https:\/\/assisteogestion.com\/index.php?rest_route=\/wp\/v2\/users\/1"}],"replies":[{"embeddable":true,"href":"https:\/\/assisteogestion.com\/index.php?rest_route=%2Fwp%2Fv2%2Fcomments&post=336"}],"version-history":[{"count":2,"href":"https:\/\/assisteogestion.com\/index.php?rest_route=\/wp\/v2\/pages\/336\/revisions"}],"predecessor-version":[{"id":339,"href":"https:\/\/assisteogestion.com\/index.php?rest_route=\/wp\/v2\/pages\/336\/revisions\/339"}],"wp:attachment":[{"href":"https:\/\/assisteogestion.com\/index.php?rest_route=%2Fwp%2Fv2%2Fmedia&parent=336"}],"curies":[{"name":"wp","href":"https:\/\/api.w.org\/{rel}","templated":true}]}}