{"id":220,"date":"2022-01-13T20:47:46","date_gmt":"2022-01-13T19:47:46","guid":{"rendered":"http:\/\/assisteogestion.com\/?page_id=220"},"modified":"2025-03-11T10:04:47","modified_gmt":"2025-03-11T09:04:47","slug":"tarifs","status":"publish","type":"page","link":"https:\/\/assisteogestion.com\/?page_id=220","title":{"rendered":"Tarifs"},"content":{"rendered":"\n<p><\/p>\n\n\n\n<div class=\"wp-block-cover is-light\" style=\"min-height:357px;aspect-ratio:unset;\"><span aria-hidden=\"true\" class=\"wp-block-cover__background has-background-dim\"><\/span><img loading=\"lazy\" decoding=\"async\" width=\"2000\" height=\"1324\" class=\"wp-block-cover__image-background wp-image-244\" alt=\"\" src=\"http:\/\/assisteogestion.com\/wp-content\/uploads\/2022\/01\/cropped-cropped-sans-titre-11.png\" data-object-fit=\"cover\" srcset=\"https:\/\/assisteogestion.com\/wp-content\/uploads\/2022\/01\/cropped-cropped-sans-titre-11.png 2000w, https:\/\/assisteogestion.com\/wp-content\/uploads\/2022\/01\/cropped-cropped-sans-titre-11-300x199.png 300w, https:\/\/assisteogestion.com\/wp-content\/uploads\/2022\/01\/cropped-cropped-sans-titre-11-1024x678.png 1024w, https:\/\/assisteogestion.com\/wp-content\/uploads\/2022\/01\/cropped-cropped-sans-titre-11-768x508.png 768w, https:\/\/assisteogestion.com\/wp-content\/uploads\/2022\/01\/cropped-cropped-sans-titre-11-1536x1017.png 1536w\" sizes=\"auto, (max-width: 2000px) 100vw, 2000px\" \/><div class=\"wp-block-cover__inner-container is-layout-flow wp-block-cover-is-layout-flow\">\n<p class=\"has-text-align-center\" style=\"font-size:30px\">D\u00e9l\u00e9guez en toute s\u00e9r\u00e9nit\u00e9<\/p>\n<\/div><\/div>\n\n\n\n<p><\/p>\n\n\n\n<p class=\"has-text-align-center\"> Je vous propose des prestations \u00e0 l&rsquo;heure  <\/p>\n\n\n\n<p class=\"has-text-align-center\"> D\u00e9placement sur site selon votre situation g\u00e9ographique <\/p>\n\n\n\n<p class=\"has-text-align-center has-text-color has-medium-font-size\" style=\"color:#5aede8\"><strong><em>Tarifs<\/em><\/strong> <em><strong>\u00e0 distance<\/strong><\/em><\/p>\n\n\n\n<p class=\"has-text-align-center\">40\u20ac ht \/ heure<\/p>\n\n\n\n<p class=\"has-text-align-center\">A partir de 15h par mois &#8211; 35\u20ac ht \/ heure<\/p>\n\n\n\n<h2 class=\"wp-block-heading has-text-align-center\"><mark style=\"background-color:rgba(0, 0, 0, 0);color:#09f5f1\" class=\"has-inline-color\">Tarifs sur site<\/mark><\/h2>\n\n\n\n<p class=\"has-text-align-center\">D\u00e9placement possible sur site \u00e0 la journ\u00e9e uniquement ( 7h )<\/p>\n\n\n\n<p class=\"has-text-align-center\">A partir de 300\u20ac ht \/ jour<\/p>\n\n\n\n<p><\/p>\n\n\n\n<p class=\"has-text-align-center\">Un devis personnalis\u00e9 vous sera propos\u00e9 selon vos besoins et un contrat de prestations de services sera \u00e9galement \u00e9tabli \u00e0 chaque d\u00e9but de collaboration.<\/p>\n\n\n\n<p><\/p>\n\n\n\n<p><\/p>\n\n\n\n<p><\/p>\n\n\n\n<h1 class=\"wp-block-heading has-text-align-center has-medium-font-size\" id=\"quels-avantages-pour-vous\" style=\"text-transform:capitalize\"><strong><span style=\"color:#09f5f1\" class=\"has-inline-color\">Quels avantages pour vous ?<\/span><\/strong><\/h1>\n\n\n\n<p style=\"line-height:3\"><\/p>\n\n\n<div class=\"wp-block-image is-style-rounded\">\n<figure class=\"aligncenter size-large is-resized\"><img loading=\"lazy\" decoding=\"async\" width=\"1159\" height=\"870\" src=\"http:\/\/assisteogestion.com\/wp-content\/uploads\/2022\/01\/avantages-e1642971243545-edited-3.png\" alt=\"\" class=\"wp-image-325\" style=\"width:473px\" srcset=\"https:\/\/assisteogestion.com\/wp-content\/uploads\/2022\/01\/avantages-e1642971243545-edited-3.png 1159w, https:\/\/assisteogestion.com\/wp-content\/uploads\/2022\/01\/avantages-e1642971243545-edited-3-300x225.png 300w, https:\/\/assisteogestion.com\/wp-content\/uploads\/2022\/01\/avantages-e1642971243545-edited-3-1024x769.png 1024w, https:\/\/assisteogestion.com\/wp-content\/uploads\/2022\/01\/avantages-e1642971243545-edited-3-768x576.png 768w\" sizes=\"auto, (max-width: 1159px) 100vw, 1159px\" \/><\/figure>\n<\/div>\n\n\n<ul class=\"wp-block-list\">\n<li><mark style=\"background-color:rgba(0, 0, 0, 0);color:#09f5f1\" class=\"has-inline-color\"><strong>Z\u00e9ro charge sociale<\/strong><\/mark> &#8211; &gt; vous n&rsquo;avez pas toutes les charges ni contraintes administratives li\u00e9es \u00e0 une embauche salariale<\/li>\n<\/ul>\n\n\n\n<ul class=\"wp-block-list\">\n<li><mark style=\"background-color:rgba(0, 0, 0, 0);color:#09f5f1\" class=\"has-inline-color\"><strong>Pas d&rsquo;investissement mat\u00e9riel<\/strong><\/mark> &#8211; &gt; votre assistante effectue les prestations avec son propre mat\u00e9riel informatique ( sauf mise \u00e0 disposition du mat\u00e9riel par vos soins )<\/li>\n<\/ul>\n\n\n\n<ul class=\"wp-block-list\">\n<li><mark style=\"background-color:rgba(0, 0, 0, 0);color:#09f5f1\" class=\"has-inline-color\"><strong>Souplesse et disponibilit\u00e9<\/strong><\/mark> &#8211; &gt; votre assistante s&rsquo;adapte \u00e0 votre emploi du temps ( pr\u00e9d\u00e9fini ensemble ) et reste disponible \u00e0 tout moment ( m\u00eame en dehors des heures contractuelles )<\/li>\n<\/ul>\n\n\n\n<ul class=\"wp-block-list\">\n<li><mark style=\"background-color:rgba(0, 0, 0, 0);color:#09f5f1\" class=\"has-inline-color\"><strong>Mission ponctuelle ou r\u00e9guli\u00e8re<\/strong><\/mark> &#8211; &gt; vous pouvez faire appel \u00e0 votre assistante pour un simple besoin ponctuel, qui ne se r\u00e9p\u00e8tera pas dans le temps et vous souhaitez vous assurer de sa r\u00e9alisation dans les r\u00e8gles par un professionnel. Vous souhaitez d\u00e9l\u00e9guer de fa\u00e7on r\u00e9guli\u00e8re certaines t\u00e2ches administratives qui vous font perdre du temps pr\u00e9cieux, ou bien vous souhaitez simplement \u00eatre accompagn\u00e9 au quotidien dans la vie de votre entreprise<\/li>\n<\/ul>\n\n\n\n<ul class=\"wp-block-list\">\n<li><mark style=\"background-color:rgba(0, 0, 0, 0);color:#09f5f1\" class=\"has-inline-color\"><strong>Ma\u00eetrise de votre budget<\/strong><\/mark> &#8211; &gt; un devis est \u00e9tabli pour chaque mission et un contrat de prestations sera conclu pour les missions r\u00e9guli\u00e8res, ce qui vous donne un budget pr\u00e9cis <\/li>\n<\/ul>\n\n\n\n<ul class=\"wp-block-list\">\n<li><mark style=\"background-color:rgba(0, 0, 0, 0);color:#09f5f1\" class=\"has-inline-color\"><strong>TVA d\u00e9ductible<\/strong><\/mark> &#8211; &gt; la soci\u00e9t\u00e9 ASSISTEO GESTION est assujettie \u00e0 la TVA, ce qui vous permet de d\u00e9duire celle-ci de vos charges fiscales <\/li>\n<\/ul>\n\n\n\n<ul class=\"wp-block-list\">\n<li><mark style=\"background-color:rgba(0, 0, 0, 0);color:#09f5f1\" class=\"has-inline-color\"><strong>Sans engagement<\/strong><\/mark> &#8211; &gt; vous pouvez \u00e0 tout moment mettre un therme au contrat de prestations en respectant un d\u00e9lai de pr\u00e9avis<\/li>\n<\/ul>\n\n\n\n<p><\/p>\n","protected":false},"excerpt":{"rendered":"<p>Je vous propose des prestations \u00e0 l&rsquo;heure D\u00e9placement sur site selon votre situation g\u00e9ographique Tarifs \u00e0 distance 40\u20ac ht \/ heure A partir de 15h par mois &#8211; 35\u20ac ht \/ heure Tarifs sur site D\u00e9placement possible sur site \u00e0 la journ\u00e9e uniquement ( 7h ) A partir de 300\u20ac ht \/ jour Un devis [&hellip;]<\/p>\n","protected":false},"author":2,"featured_media":0,"parent":0,"menu_order":0,"comment_status":"closed","ping_status":"closed","template":"","meta":{"footnotes":""},"class_list":["post-220","page","type-page","status-publish","hentry","entry"],"yoast_head":"<!-- This site is optimized with the Yoast SEO plugin v20.1 - https:\/\/yoast.com\/wordpress\/plugins\/seo\/ -->\n<title>Tarifs - ASSISTEO GESTION<\/title>\n<meta name=\"robots\" content=\"index, follow, max-snippet:-1, max-image-preview:large, max-video-preview:-1\" \/>\n<link rel=\"canonical\" href=\"https:\/\/assisteogestion.com\/?page_id=220\" \/>\n<meta property=\"og:locale\" content=\"fr_FR\" \/>\n<meta property=\"og:type\" content=\"article\" \/>\n<meta property=\"og:title\" content=\"Tarifs - ASSISTEO GESTION\" \/>\n<meta property=\"og:description\" content=\"Je vous propose des prestations \u00e0 l&rsquo;heure D\u00e9placement sur site selon votre situation g\u00e9ographique Tarifs \u00e0 distance 40\u20ac ht \/ heure A partir de 15h par mois &#8211; 35\u20ac ht \/ heure Tarifs sur site D\u00e9placement possible sur site \u00e0 la journ\u00e9e uniquement ( 7h ) A partir de 300\u20ac ht \/ jour Un devis [&hellip;]\" \/>\n<meta property=\"og:url\" content=\"https:\/\/assisteogestion.com\/?page_id=220\" \/>\n<meta property=\"og:site_name\" content=\"ASSISTEO GESTION\" \/>\n<meta property=\"article:modified_time\" content=\"2025-03-11T09:04:47+00:00\" \/>\n<meta property=\"og:image\" content=\"http:\/\/assisteogestion.com\/wp-content\/uploads\/2022\/01\/cropped-cropped-sans-titre-11.png\" \/>\n<meta name=\"twitter:card\" content=\"summary_large_image\" \/>\n<meta name=\"twitter:label1\" content=\"Dur\u00e9e de lecture estim\u00e9e\" \/>\n\t<meta name=\"twitter:data1\" content=\"2 minutes\" \/>\n<script type=\"application\/ld+json\" class=\"yoast-schema-graph\">{\"@context\":\"https:\/\/schema.org\",\"@graph\":[{\"@type\":\"WebPage\",\"@id\":\"https:\/\/assisteogestion.com\/?page_id=220\",\"url\":\"https:\/\/assisteogestion.com\/?page_id=220\",\"name\":\"Tarifs - ASSISTEO GESTION\",\"isPartOf\":{\"@id\":\"https:\/\/assisteogestion.com\/#website\"},\"datePublished\":\"2022-01-13T19:47:46+00:00\",\"dateModified\":\"2025-03-11T09:04:47+00:00\",\"breadcrumb\":{\"@id\":\"https:\/\/assisteogestion.com\/?page_id=220#breadcrumb\"},\"inLanguage\":\"fr-FR\",\"potentialAction\":[{\"@type\":\"ReadAction\",\"target\":[\"https:\/\/assisteogestion.com\/?page_id=220\"]}]},{\"@type\":\"BreadcrumbList\",\"@id\":\"https:\/\/assisteogestion.com\/?page_id=220#breadcrumb\",\"itemListElement\":[{\"@type\":\"ListItem\",\"position\":1,\"name\":\"Accueil\",\"item\":\"https:\/\/assisteogestion.com\/\"},{\"@type\":\"ListItem\",\"position\":2,\"name\":\"Tarifs\"}]},{\"@type\":\"WebSite\",\"@id\":\"https:\/\/assisteogestion.com\/#website\",\"url\":\"https:\/\/assisteogestion.com\/\",\"name\":\"ASSISTEO GESTION\",\"description\":\"\",\"potentialAction\":[{\"@type\":\"SearchAction\",\"target\":{\"@type\":\"EntryPoint\",\"urlTemplate\":\"https:\/\/assisteogestion.com\/?s={search_term_string}\"},\"query-input\":\"required name=search_term_string\"}],\"inLanguage\":\"fr-FR\"}]}<\/script>\n<!-- \/ Yoast SEO plugin. -->","yoast_head_json":{"title":"Tarifs - ASSISTEO GESTION","robots":{"index":"index","follow":"follow","max-snippet":"max-snippet:-1","max-image-preview":"max-image-preview:large","max-video-preview":"max-video-preview:-1"},"canonical":"https:\/\/assisteogestion.com\/?page_id=220","og_locale":"fr_FR","og_type":"article","og_title":"Tarifs - ASSISTEO GESTION","og_description":"Je vous propose des prestations \u00e0 l&rsquo;heure D\u00e9placement sur site selon votre situation g\u00e9ographique Tarifs \u00e0 distance 40\u20ac ht \/ heure A partir de 15h par mois &#8211; 35\u20ac ht \/ heure Tarifs sur site D\u00e9placement possible sur site \u00e0 la journ\u00e9e uniquement ( 7h ) A partir de 300\u20ac ht \/ jour Un devis [&hellip;]","og_url":"https:\/\/assisteogestion.com\/?page_id=220","og_site_name":"ASSISTEO GESTION","article_modified_time":"2025-03-11T09:04:47+00:00","og_image":[{"url":"http:\/\/assisteogestion.com\/wp-content\/uploads\/2022\/01\/cropped-cropped-sans-titre-11.png"}],"twitter_card":"summary_large_image","twitter_misc":{"Dur\u00e9e de lecture estim\u00e9e":"2 minutes"},"schema":{"@context":"https:\/\/schema.org","@graph":[{"@type":"WebPage","@id":"https:\/\/assisteogestion.com\/?page_id=220","url":"https:\/\/assisteogestion.com\/?page_id=220","name":"Tarifs - ASSISTEO GESTION","isPartOf":{"@id":"https:\/\/assisteogestion.com\/#website"},"datePublished":"2022-01-13T19:47:46+00:00","dateModified":"2025-03-11T09:04:47+00:00","breadcrumb":{"@id":"https:\/\/assisteogestion.com\/?page_id=220#breadcrumb"},"inLanguage":"fr-FR","potentialAction":[{"@type":"ReadAction","target":["https:\/\/assisteogestion.com\/?page_id=220"]}]},{"@type":"BreadcrumbList","@id":"https:\/\/assisteogestion.com\/?page_id=220#breadcrumb","itemListElement":[{"@type":"ListItem","position":1,"name":"Accueil","item":"https:\/\/assisteogestion.com\/"},{"@type":"ListItem","position":2,"name":"Tarifs"}]},{"@type":"WebSite","@id":"https:\/\/assisteogestion.com\/#website","url":"https:\/\/assisteogestion.com\/","name":"ASSISTEO GESTION","description":"","potentialAction":[{"@type":"SearchAction","target":{"@type":"EntryPoint","urlTemplate":"https:\/\/assisteogestion.com\/?s={search_term_string}"},"query-input":"required name=search_term_string"}],"inLanguage":"fr-FR"}]}},"_links":{"self":[{"href":"https:\/\/assisteogestion.com\/index.php?rest_route=\/wp\/v2\/pages\/220","targetHints":{"allow":["GET"]}}],"collection":[{"href":"https:\/\/assisteogestion.com\/index.php?rest_route=\/wp\/v2\/pages"}],"about":[{"href":"https:\/\/assisteogestion.com\/index.php?rest_route=\/wp\/v2\/types\/page"}],"author":[{"embeddable":true,"href":"https:\/\/assisteogestion.com\/index.php?rest_route=\/wp\/v2\/users\/2"}],"replies":[{"embeddable":true,"href":"https:\/\/assisteogestion.com\/index.php?rest_route=%2Fwp%2Fv2%2Fcomments&post=220"}],"version-history":[{"count":16,"href":"https:\/\/assisteogestion.com\/index.php?rest_route=\/wp\/v2\/pages\/220\/revisions"}],"predecessor-version":[{"id":383,"href":"https:\/\/assisteogestion.com\/index.php?rest_route=\/wp\/v2\/pages\/220\/revisions\/383"}],"wp:attachment":[{"href":"https:\/\/assisteogestion.com\/index.php?rest_route=%2Fwp%2Fv2%2Fmedia&parent=220"}],"curies":[{"name":"wp","href":"https:\/\/api.w.org\/{rel}","templated":true}]}}